{"id":35,"date":"2018-03-30T13:27:28","date_gmt":"2018-03-30T11:27:28","guid":{"rendered":"http:\/\/conciergerielesmouettes.fr\/?page_id=35"},"modified":"2025-03-06T14:38:08","modified_gmt":"2025-03-06T13:38:08","slug":"accueil","status":"publish","type":"page","link":"https:\/\/conciergerielesmouettes.fr\/","title":{"rendered":"Accueil"},"content":{"rendered":"<p style=\"text-align: center;\"><br \/><a href=\"https:\/\/conciergerielesmouettes.fr\/wp-content\/uploads\/2025\/03\/LOGO-Conciergerie.png\"><img loading=\"lazy\" decoding=\"async\" class=\"wp-image-313\" src=\"https:\/\/conciergerielesmouettes.fr\/wp-content\/uploads\/2025\/03\/LOGO-Conciergerie-300x280.png\" alt=\"\" width=\"320\" height=\"299\" srcset=\"https:\/\/conciergerielesmouettes.fr\/wp-content\/uploads\/2025\/03\/LOGO-Conciergerie-300x280.png 300w, https:\/\/conciergerielesmouettes.fr\/wp-content\/uploads\/2025\/03\/LOGO-Conciergerie.png 675w\" sizes=\"auto, (max-width: 320px) 100vw, 320px\" \/><\/a><\/p>\n<blockquote>\n<h5>Voici un aper\u00e7u de ma petite entreprise qui facilitera <span style=\"font-size: 1rem;\">vos vacances sur les c\u00f4tes granvillaises ou\u00a0<\/span><span style=\"font-size: 1rem;\">la location de votre bien.<\/span>Venez profiter de nos beaux paysages et laissez moi g\u00e9rer les petites corv\u00e9es comme l&rsquo;accueil de vos clients, la gestion de vos locations, les courses \u00e0 votre arriv\u00e9e&#8230;<\/h5>\n<h5>Delphy Bihel<\/h5>\n<\/blockquote>\n\n\n<p><\/p>\n","protected":false},"excerpt":{"rendered":"<p>Voici un aper\u00e7u de ma petite entreprise qui facilitera vos vacances sur les c\u00f4tes granvillaises ou\u00a0la location de votre bien.Venez profiter de nos beaux paysages et laissez moi g\u00e9rer les petites corv\u00e9es comme l&rsquo;accueil de vos clients, la gestion de vos locations, les courses \u00e0 votre arriv\u00e9e&#8230; Delphy Bihel<\/p>\n","protected":false},"author":1,"featured_media":0,"parent":2,"menu_order":0,"comment_status":"closed","ping_status":"closed","template":"","meta":{"footnotes":""},"class_list":["post-35","page","type-page","status-publish","hentry"],"_links":{"self":[{"href":"https:\/\/conciergerielesmouettes.fr\/index.php\/wp-json\/wp\/v2\/pages\/35","targetHints":{"allow":["GET"]}}],"collection":[{"href":"https:\/\/conciergerielesmouettes.fr\/index.php\/wp-json\/wp\/v2\/pages"}],"about":[{"href":"https:\/\/conciergerielesmouettes.fr\/index.php\/wp-json\/wp\/v2\/types\/page"}],"author":[{"embeddable":true,"href":"https:\/\/conciergerielesmouettes.fr\/index.php\/wp-json\/wp\/v2\/users\/1"}],"replies":[{"embeddable":true,"href":"https:\/\/conciergerielesmouettes.fr\/index.php\/wp-json\/wp\/v2\/comments?post=35"}],"version-history":[{"count":21,"href":"https:\/\/conciergerielesmouettes.fr\/index.php\/wp-json\/wp\/v2\/pages\/35\/revisions"}],"predecessor-version":[{"id":318,"href":"https:\/\/conciergerielesmouettes.fr\/index.php\/wp-json\/wp\/v2\/pages\/35\/revisions\/318"}],"up":[{"embeddable":true,"href":"https:\/\/conciergerielesmouettes.fr\/index.php\/wp-json\/wp\/v2\/pages\/2"}],"wp:attachment":[{"href":"https:\/\/conciergerielesmouettes.fr\/index.php\/wp-json\/wp\/v2\/media?parent=35"}],"curies":[{"name":"wp","href":"https:\/\/api.w.org\/{rel}","templated":true}]}}