{"id":184,"date":"2018-05-15T15:25:24","date_gmt":"2018-05-15T13:25:24","guid":{"rendered":"http:\/\/conciergerielesmouettes.fr\/?page_id=184"},"modified":"2025-03-06T14:46:28","modified_gmt":"2025-03-06T13:46:28","slug":"ils-me-font-confiance","status":"publish","type":"page","link":"https:\/\/conciergerielesmouettes.fr\/index.php\/ils-me-font-confiance\/","title":{"rendered":"Les Biens Propos\u00e9s"},"content":{"rendered":"\n<div class=\"wp-block-columns is-layout-flex wp-container-core-columns-is-layout-9d6595d7 wp-block-columns-is-layout-flex\">\n<div class=\"wp-block-column is-layout-flow wp-block-column-is-layout-flow\" style=\"flex-basis:100%\">\n<div class=\"wp-block-group\"><div class=\"wp-block-group__inner-container is-layout-constrained wp-block-group-is-layout-constrained\">\n<h1 class=\"wp-block-heading\">Ma petite entreprise commence \u00e0 prendre forme et les clients se multiplient, voici donc un bref descriptif des biens et les liens vers les sites de r\u00e9servation :<\/h1>\n\n\n\n<h6 class=\"wp-block-heading\">Une charmante villa avec 4 chambres et grande v\u00e9randa\/cours \u00e0 Granville voici le lien Airbnb de l&rsquo;annonce :<\/h6>\n\n\n\n<p><a href=\"https:\/\/www.airbnb.fr\/rooms\/852605826488345081?source_impression_id=p3_1741264720_P34j4C2DUWXJFET3\">La C\u00f4te centre de Granville<\/a><\/p>\n\n\n\n<figure class=\"wp-block-gallery has-nested-images columns-3 is-cropped wp-block-gallery-1 is-layout-flex wp-block-gallery-is-layout-flex\">\n<figure class=\"wp-block-image size-large\"><img loading=\"lazy\" decoding=\"async\" width=\"1024\" height=\"668\" data-id=\"294\" src=\"https:\/\/conciergerielesmouettes.fr\/wp-content\/uploads\/2025\/03\/IMG_6264-1024x668.jpeg\" alt=\"\" class=\"wp-image-294\" srcset=\"https:\/\/conciergerielesmouettes.fr\/wp-content\/uploads\/2025\/03\/IMG_6264-1024x668.jpeg 1024w, https:\/\/conciergerielesmouettes.fr\/wp-content\/uploads\/2025\/03\/IMG_6264-300x196.jpeg 300w, https:\/\/conciergerielesmouettes.fr\/wp-content\/uploads\/2025\/03\/IMG_6264-768x501.jpeg 768w, https:\/\/conciergerielesmouettes.fr\/wp-content\/uploads\/2025\/03\/IMG_6264-1536x1002.jpeg 1536w, https:\/\/conciergerielesmouettes.fr\/wp-content\/uploads\/2025\/03\/IMG_6264-2048x1336.jpeg 2048w\" sizes=\"auto, (max-width: 706px) 89vw, (max-width: 767px) 82vw, 740px\" \/><\/figure>\n\n\n\n<figure class=\"wp-block-image size-large\"><img loading=\"lazy\" decoding=\"async\" width=\"828\" height=\"577\" data-id=\"296\" src=\"https:\/\/conciergerielesmouettes.fr\/wp-content\/uploads\/2025\/03\/687e00b8-313c-4c39-a50b-b7b0e75d8e24.jpg\" alt=\"\" class=\"wp-image-296\" srcset=\"https:\/\/conciergerielesmouettes.fr\/wp-content\/uploads\/2025\/03\/687e00b8-313c-4c39-a50b-b7b0e75d8e24.jpg 828w, https:\/\/conciergerielesmouettes.fr\/wp-content\/uploads\/2025\/03\/687e00b8-313c-4c39-a50b-b7b0e75d8e24-300x209.jpg 300w, https:\/\/conciergerielesmouettes.fr\/wp-content\/uploads\/2025\/03\/687e00b8-313c-4c39-a50b-b7b0e75d8e24-768x535.jpg 768w\" sizes=\"auto, (max-width: 706px) 89vw, (max-width: 767px) 82vw, 740px\" \/><\/figure>\n\n\n\n<figure class=\"wp-block-image size-large\"><img loading=\"lazy\" decoding=\"async\" width=\"1024\" height=\"768\" data-id=\"298\" src=\"https:\/\/conciergerielesmouettes.fr\/wp-content\/uploads\/2025\/03\/IMG_6280-1-1024x768.jpeg\" alt=\"\" class=\"wp-image-298\" srcset=\"https:\/\/conciergerielesmouettes.fr\/wp-content\/uploads\/2025\/03\/IMG_6280-1-1024x768.jpeg 1024w, https:\/\/conciergerielesmouettes.fr\/wp-content\/uploads\/2025\/03\/IMG_6280-1-300x225.jpeg 300w, https:\/\/conciergerielesmouettes.fr\/wp-content\/uploads\/2025\/03\/IMG_6280-1-768x576.jpeg 768w, https:\/\/conciergerielesmouettes.fr\/wp-content\/uploads\/2025\/03\/IMG_6280-1-1536x1152.jpeg 1536w, https:\/\/conciergerielesmouettes.fr\/wp-content\/uploads\/2025\/03\/IMG_6280-1-2048x1536.jpeg 2048w\" sizes=\"auto, (max-width: 706px) 89vw, (max-width: 767px) 82vw, 740px\" \/><\/figure>\n<\/figure>\n\n\n\n<h6 class=\"wp-block-heading\">Dune, villa tr\u00e8s spacieuse et id\u00e9alement situ\u00e9e \u00e0 Jullouville, grand jardin proche de la plage, pour des vacances en famille, voici le lien Airbnb de l&rsquo;annonce :<\/h6>\n\n\n\n<p><a href=\"https:\/\/www.airbnb.fr\/rooms\/912372761293767722?source_impression_id=p3_1741264737_P3UIioAXOmcTSwvc#availability-calendar\">Dune \u00e0 400m de la plage de Jullouville<\/a><\/p>\n\n\n\n<figure class=\"wp-block-gallery has-nested-images columns-3 is-cropped wp-block-gallery-2 is-layout-flex wp-block-gallery-is-layout-flex\">\n<figure class=\"wp-block-image size-large\"><img loading=\"lazy\" decoding=\"async\" width=\"1024\" height=\"753\" data-id=\"290\" src=\"https:\/\/conciergerielesmouettes.fr\/wp-content\/uploads\/2025\/03\/IMG_7117-1024x753.jpeg\" alt=\"\" class=\"wp-image-290\" srcset=\"https:\/\/conciergerielesmouettes.fr\/wp-content\/uploads\/2025\/03\/IMG_7117-1024x753.jpeg 1024w, https:\/\/conciergerielesmouettes.fr\/wp-content\/uploads\/2025\/03\/IMG_7117-300x221.jpeg 300w, https:\/\/conciergerielesmouettes.fr\/wp-content\/uploads\/2025\/03\/IMG_7117-768x565.jpeg 768w, https:\/\/conciergerielesmouettes.fr\/wp-content\/uploads\/2025\/03\/IMG_7117-1536x1129.jpeg 1536w, https:\/\/conciergerielesmouettes.fr\/wp-content\/uploads\/2025\/03\/IMG_7117-2048x1505.jpeg 2048w\" sizes=\"auto, (max-width: 706px) 89vw, (max-width: 767px) 82vw, 740px\" \/><\/figure>\n\n\n\n<figure class=\"wp-block-image size-large\"><img loading=\"lazy\" decoding=\"async\" width=\"1024\" height=\"761\" data-id=\"291\" src=\"https:\/\/conciergerielesmouettes.fr\/wp-content\/uploads\/2025\/03\/IMG_7127-1024x761.jpeg\" alt=\"\" class=\"wp-image-291\" srcset=\"https:\/\/conciergerielesmouettes.fr\/wp-content\/uploads\/2025\/03\/IMG_7127-1024x761.jpeg 1024w, https:\/\/conciergerielesmouettes.fr\/wp-content\/uploads\/2025\/03\/IMG_7127-300x223.jpeg 300w, https:\/\/conciergerielesmouettes.fr\/wp-content\/uploads\/2025\/03\/IMG_7127-768x571.jpeg 768w, https:\/\/conciergerielesmouettes.fr\/wp-content\/uploads\/2025\/03\/IMG_7127-1536x1142.jpeg 1536w, https:\/\/conciergerielesmouettes.fr\/wp-content\/uploads\/2025\/03\/IMG_7127-2048x1522.jpeg 2048w\" sizes=\"auto, (max-width: 706px) 89vw, (max-width: 767px) 82vw, 740px\" \/><\/figure>\n\n\n\n<figure class=\"wp-block-image size-large\"><img loading=\"lazy\" decoding=\"async\" width=\"1024\" height=\"759\" data-id=\"292\" src=\"https:\/\/conciergerielesmouettes.fr\/wp-content\/uploads\/2025\/03\/IMG_7108-1024x759.jpeg\" alt=\"\" class=\"wp-image-292\" srcset=\"https:\/\/conciergerielesmouettes.fr\/wp-content\/uploads\/2025\/03\/IMG_7108-1024x759.jpeg 1024w, https:\/\/conciergerielesmouettes.fr\/wp-content\/uploads\/2025\/03\/IMG_7108-300x222.jpeg 300w, https:\/\/conciergerielesmouettes.fr\/wp-content\/uploads\/2025\/03\/IMG_7108-768x569.jpeg 768w, https:\/\/conciergerielesmouettes.fr\/wp-content\/uploads\/2025\/03\/IMG_7108-1536x1139.jpeg 1536w, https:\/\/conciergerielesmouettes.fr\/wp-content\/uploads\/2025\/03\/IMG_7108-2048x1519.jpeg 2048w\" sizes=\"auto, (max-width: 706px) 89vw, (max-width: 767px) 82vw, 740px\" \/><\/figure>\n<\/figure>\n\n\n\n<h6 class=\"wp-block-heading\">Superbe maison avec jardin, en plein centre de Granville, voici le lien Airbnb de l&rsquo;annonce :<\/h6>\n\n\n\n<p><a href=\"https:\/\/www.airbnb.fr\/rooms\/45278990?source_impression_id=p3_1741264737_P3ViRwd9EqRaTd2Q\">La Maison du Phare de Granville vue \u00e0 360\u00b0c sur la mer<\/a><\/p>\n\n\n\n<figure class=\"wp-block-gallery has-nested-images columns-2 is-cropped wp-block-gallery-3 is-layout-flex wp-block-gallery-is-layout-flex\">\n<figure class=\"wp-block-image size-large\"><img loading=\"lazy\" decoding=\"async\" width=\"1024\" height=\"768\" data-id=\"272\" src=\"https:\/\/conciergerielesmouettes.fr\/wp-content\/uploads\/2024\/09\/IMG_9455-1024x768.jpg\" alt=\"\" class=\"wp-image-272\" srcset=\"https:\/\/conciergerielesmouettes.fr\/wp-content\/uploads\/2024\/09\/IMG_9455-1024x768.jpg 1024w, https:\/\/conciergerielesmouettes.fr\/wp-content\/uploads\/2024\/09\/IMG_9455-300x225.jpg 300w, https:\/\/conciergerielesmouettes.fr\/wp-content\/uploads\/2024\/09\/IMG_9455-768x576.jpg 768w, https:\/\/conciergerielesmouettes.fr\/wp-content\/uploads\/2024\/09\/IMG_9455-1536x1152.jpg 1536w, https:\/\/conciergerielesmouettes.fr\/wp-content\/uploads\/2024\/09\/IMG_9455-2048x1536.jpg 2048w\" sizes=\"auto, (max-width: 706px) 89vw, (max-width: 767px) 82vw, 740px\" \/><\/figure>\n\n\n\n<figure class=\"wp-block-image size-large\"><img loading=\"lazy\" decoding=\"async\" width=\"1024\" height=\"748\" data-id=\"273\" src=\"https:\/\/conciergerielesmouettes.fr\/wp-content\/uploads\/2024\/09\/IMG_9436-1024x748.jpg\" alt=\"\" class=\"wp-image-273\" srcset=\"https:\/\/conciergerielesmouettes.fr\/wp-content\/uploads\/2024\/09\/IMG_9436-1024x748.jpg 1024w, https:\/\/conciergerielesmouettes.fr\/wp-content\/uploads\/2024\/09\/IMG_9436-300x219.jpg 300w, https:\/\/conciergerielesmouettes.fr\/wp-content\/uploads\/2024\/09\/IMG_9436-768x561.jpg 768w, https:\/\/conciergerielesmouettes.fr\/wp-content\/uploads\/2024\/09\/IMG_9436-1536x1123.jpg 1536w, https:\/\/conciergerielesmouettes.fr\/wp-content\/uploads\/2024\/09\/IMG_9436-2048x1497.jpg 2048w\" sizes=\"auto, (max-width: 706px) 89vw, (max-width: 767px) 82vw, 740px\" \/><\/figure>\n<\/figure>\n\n\n\n<h6 class=\"wp-block-heading\">La Fr\u00e9gate : appartement spacieux \u00e0 la d\u00e9coration moderne dans le quartier typiqe de la haute ville, proche de la plage du Plat Gousset et du centre ville de Granville, voici le lien Airbnb de l&rsquo;annonce :<\/h6>\n\n\n\n<p><a href=\"https:\/\/www.airbnb.fr\/rooms\/46409267?source_impression_id=p3_1741263680_P312wO8ZPfd0WNMl\">La Fr\u00e9gate<\/a><\/p>\n\n\n\n<figure class=\"wp-block-gallery has-nested-images columns-2 is-cropped wp-block-gallery-4 is-layout-flex wp-block-gallery-is-layout-flex\">\n<figure class=\"wp-block-image size-large\"><img loading=\"lazy\" decoding=\"async\" width=\"1024\" height=\"812\" data-id=\"286\" src=\"https:\/\/conciergerielesmouettes.fr\/wp-content\/uploads\/2025\/03\/IMG_9908-1-1024x812.jpeg\" alt=\"\" class=\"wp-image-286\" srcset=\"https:\/\/conciergerielesmouettes.fr\/wp-content\/uploads\/2025\/03\/IMG_9908-1-1024x812.jpeg 1024w, https:\/\/conciergerielesmouettes.fr\/wp-content\/uploads\/2025\/03\/IMG_9908-1-300x238.jpeg 300w, https:\/\/conciergerielesmouettes.fr\/wp-content\/uploads\/2025\/03\/IMG_9908-1-768x609.jpeg 768w, https:\/\/conciergerielesmouettes.fr\/wp-content\/uploads\/2025\/03\/IMG_9908-1-1536x1218.jpeg 1536w, https:\/\/conciergerielesmouettes.fr\/wp-content\/uploads\/2025\/03\/IMG_9908-1-2048x1624.jpeg 2048w\" sizes=\"auto, (max-width: 706px) 89vw, (max-width: 767px) 82vw, 740px\" \/><\/figure>\n\n\n\n<figure class=\"wp-block-image size-large\"><img loading=\"lazy\" decoding=\"async\" width=\"1024\" height=\"768\" data-id=\"287\" src=\"https:\/\/conciergerielesmouettes.fr\/wp-content\/uploads\/2025\/03\/IMG_5741-1-1024x768.jpeg\" alt=\"\" class=\"wp-image-287\" srcset=\"https:\/\/conciergerielesmouettes.fr\/wp-content\/uploads\/2025\/03\/IMG_5741-1-1024x768.jpeg 1024w, https:\/\/conciergerielesmouettes.fr\/wp-content\/uploads\/2025\/03\/IMG_5741-1-300x225.jpeg 300w, https:\/\/conciergerielesmouettes.fr\/wp-content\/uploads\/2025\/03\/IMG_5741-1-768x576.jpeg 768w, https:\/\/conciergerielesmouettes.fr\/wp-content\/uploads\/2025\/03\/IMG_5741-1-1536x1152.jpeg 1536w, https:\/\/conciergerielesmouettes.fr\/wp-content\/uploads\/2025\/03\/IMG_5741-1-2048x1536.jpeg 2048w\" sizes=\"auto, (max-width: 706px) 89vw, (max-width: 767px) 82vw, 740px\" \/><\/figure>\n<\/figure>\n\n\n\n<h1 class=\"wp-block-heading\"><em>Voici donc le lien pour voir toutes les annonces propos\u00e9es : <a href=\"https:\/\/www.airbnb.fr\/users\/188875130\/listings?user_id=188875130&amp;s=50\">les biens<\/a><\/em><\/h1>\n<\/div><\/div>\n<\/div>\n<\/div>\n\n\n\n<p><\/p>\n","protected":false},"excerpt":{"rendered":"<p>Ma petite entreprise commence \u00e0 prendre forme et les clients se multiplient, voici donc un bref descriptif des biens et les liens vers les sites de r\u00e9servation : Une charmante villa avec 4 chambres et grande v\u00e9randa\/cours \u00e0 Granville voici le lien Airbnb de l&rsquo;annonce : La C\u00f4te centre de Granville Dune, villa tr\u00e8s spacieuse &hellip; <\/p>\n<p class=\"link-more\"><a href=\"https:\/\/conciergerielesmouettes.fr\/index.php\/ils-me-font-confiance\/\" class=\"more-link\">Continuer la lecture<span class=\"screen-reader-text\"> de &laquo;&nbsp;Les Biens Propos\u00e9s&nbsp;&raquo;<\/span><\/a><\/p>\n","protected":false},"author":1,"featured_media":307,"parent":0,"menu_order":0,"comment_status":"closed","ping_status":"closed","template":"","meta":{"footnotes":""},"class_list":["post-184","page","type-page","status-publish","has-post-thumbnail","hentry"],"_links":{"self":[{"href":"https:\/\/conciergerielesmouettes.fr\/index.php\/wp-json\/wp\/v2\/pages\/184","targetHints":{"allow":["GET"]}}],"collection":[{"href":"https:\/\/conciergerielesmouettes.fr\/index.php\/wp-json\/wp\/v2\/pages"}],"about":[{"href":"https:\/\/conciergerielesmouettes.fr\/index.php\/wp-json\/wp\/v2\/types\/page"}],"author":[{"embeddable":true,"href":"https:\/\/conciergerielesmouettes.fr\/index.php\/wp-json\/wp\/v2\/users\/1"}],"replies":[{"embeddable":true,"href":"https:\/\/conciergerielesmouettes.fr\/index.php\/wp-json\/wp\/v2\/comments?post=184"}],"version-history":[{"count":25,"href":"https:\/\/conciergerielesmouettes.fr\/index.php\/wp-json\/wp\/v2\/pages\/184\/revisions"}],"predecessor-version":[{"id":319,"href":"https:\/\/conciergerielesmouettes.fr\/index.php\/wp-json\/wp\/v2\/pages\/184\/revisions\/319"}],"wp:featuredmedia":[{"embeddable":true,"href":"https:\/\/conciergerielesmouettes.fr\/index.php\/wp-json\/wp\/v2\/media\/307"}],"wp:attachment":[{"href":"https:\/\/conciergerielesmouettes.fr\/index.php\/wp-json\/wp\/v2\/media?parent=184"}],"curies":[{"name":"wp","href":"https:\/\/api.w.org\/{rel}","templated":true}]}}