{"id":127,"date":"2018-04-09T16:50:16","date_gmt":"2018-04-09T14:50:16","guid":{"rendered":"http:\/\/conciergerielesmouettes.fr\/?page_id=127"},"modified":"2025-03-06T14:32:39","modified_gmt":"2025-03-06T13:32:39","slug":"les-tarifs","status":"publish","type":"page","link":"https:\/\/conciergerielesmouettes.fr\/index.php\/les-tarifs\/","title":{"rendered":"Les Tarifs"},"content":{"rendered":"<h1>La Conciergerie les Mouettes vous propose des packages d\u00e9di\u00e9s suivant les services que vous recherchez :<\/h1>\n<h2><span style=\"color: #808080;\"><em><strong><span style=\"text-decoration: underline;\">Assistance Locative<\/span><\/strong><\/em><\/span><\/h2>\n<ul>\n<li><strong>Pr\u00e9sentation de votre bien sur notre site\u00a0internet et suivi des\u00a0annonces de location\u00a0<\/strong><\/li>\n<li><strong>Accueil Locatif (remise des\u00a0cl\u00e9s,\u00a0\u00e9tats des lieux d&rsquo;entr\u00e9e et de sortie, m\u00e9nage&#8230;)\u00a0<\/strong><\/li>\n<li><strong>Service de linge et serviettes de toilettes\u00a0<\/strong><\/li>\n<\/ul>\n<p style=\"text-align: center;\"><strong><span style=\"color: #ff0000;\">Forfait bas\u00e9 sur le prix de location de la nuit\u00e9e et \u00e0 d\u00e9finir en fonction de la taille du bien<\/span><\/strong><\/p>\n<h2><strong><span style=\"text-decoration: underline; color: #808080;\">Service de Gardiennage<\/span>\u00a0<\/strong><\/h2>\n<ul>\n<li><strong>Visite r\u00e9guli\u00e8re de votre r\u00e9sidence durant votre absence<\/strong><\/li>\n<li><strong>A\u00e9ration, relev\u00e9 de bo\u00eete aux lettres<\/strong><\/li>\n<li><strong>Petits travaux de jardinage ou bricolage<\/strong><br \/>\n<strong><span style=\"color: #ff0000;\">\u00e0 partir de 25\u20ac de l&rsquo;heure<\/span><\/strong><\/li>\n<\/ul>\n<h1>Pour notre offre de prestations Ev\u00e8nementielles n&rsquo;h\u00e9sitez pas \u00e0 nous contacter pour que nous vous proposions un devis au plus pr\u00e8s des services que vous souhaitez.<\/h1>\n","protected":false},"excerpt":{"rendered":"<p>La Conciergerie les Mouettes vous propose des packages d\u00e9di\u00e9s suivant les services que vous recherchez : Assistance Locative Pr\u00e9sentation de votre bien sur notre site\u00a0internet et suivi des\u00a0annonces de location\u00a0 Accueil Locatif (remise des\u00a0cl\u00e9s,\u00a0\u00e9tats des lieux d&rsquo;entr\u00e9e et de sortie, m\u00e9nage&#8230;)\u00a0 Service de linge et serviettes de toilettes\u00a0 Forfait bas\u00e9 sur le prix de location &hellip; <\/p>\n<p class=\"link-more\"><a href=\"https:\/\/conciergerielesmouettes.fr\/index.php\/les-tarifs\/\" class=\"more-link\">Continuer la lecture<span class=\"screen-reader-text\"> de &laquo;&nbsp;Les Tarifs&nbsp;&raquo;<\/span><\/a><\/p>\n","protected":false},"author":1,"featured_media":312,"parent":0,"menu_order":0,"comment_status":"closed","ping_status":"closed","template":"","meta":{"footnotes":""},"class_list":["post-127","page","type-page","status-publish","has-post-thumbnail","hentry"],"_links":{"self":[{"href":"https:\/\/conciergerielesmouettes.fr\/index.php\/wp-json\/wp\/v2\/pages\/127","targetHints":{"allow":["GET"]}}],"collection":[{"href":"https:\/\/conciergerielesmouettes.fr\/index.php\/wp-json\/wp\/v2\/pages"}],"about":[{"href":"https:\/\/conciergerielesmouettes.fr\/index.php\/wp-json\/wp\/v2\/types\/page"}],"author":[{"embeddable":true,"href":"https:\/\/conciergerielesmouettes.fr\/index.php\/wp-json\/wp\/v2\/users\/1"}],"replies":[{"embeddable":true,"href":"https:\/\/conciergerielesmouettes.fr\/index.php\/wp-json\/wp\/v2\/comments?post=127"}],"version-history":[{"count":12,"href":"https:\/\/conciergerielesmouettes.fr\/index.php\/wp-json\/wp\/v2\/pages\/127\/revisions"}],"predecessor-version":[{"id":304,"href":"https:\/\/conciergerielesmouettes.fr\/index.php\/wp-json\/wp\/v2\/pages\/127\/revisions\/304"}],"wp:featuredmedia":[{"embeddable":true,"href":"https:\/\/conciergerielesmouettes.fr\/index.php\/wp-json\/wp\/v2\/media\/312"}],"wp:attachment":[{"href":"https:\/\/conciergerielesmouettes.fr\/index.php\/wp-json\/wp\/v2\/media?parent=127"}],"curies":[{"name":"wp","href":"https:\/\/api.w.org\/{rel}","templated":true}]}}